{"id":1190,"date":"2014-01-19T18:17:46","date_gmt":"2014-01-19T23:17:46","guid":{"rendered":"http:\/\/17196.a.aliquando.immo\/?page_id=1190"},"modified":"2026-02-26T11:21:59","modified_gmt":"2026-02-26T16:21:59","slug":"demenageurs","status":"publish","type":"page","link":"https:\/\/claireherard.com\/en\/nos-references\/demenageurs\/","title":{"rendered":"Moving companies"},"content":{"rendered":"<p><\/p>\n<hr align=\"center\" noshade=\"noshade\" size=\"2\" width=\"100%\" \/>\n<h3>D\u00e9m\u00e9nagement J.P Duck<\/h3>\n<table width=\"463\" border=\"0\" cellspacing=\"0\" cellpadding=\"0\">\n<colgroup>\n<col width=\"118\" \/><\/colgroup>\n<colgroup>\n<col width=\"345\" \/><\/colgroup>\n<tbody>\n<tr>\n<td width=\"118\" height=\"21\">Contact<\/td>\n<td width=\"345\">Marl\u00e8ne Audoin<\/td>\n<\/tr>\n<tr>\n<td height=\"21\"><\/td>\n<td><\/td>\n<\/tr>\n<tr>\n<td height=\"21\">Address<\/td>\n<td>1048, 23e Avenue Sud<\/td>\n<\/tr>\n<tr>\n<td height=\"21\"><\/td>\n<td>Saint-J\u00e9rome, Qu\u00e9bec<\/td>\n<\/tr>\n<tr>\n<td height=\"21\">Postal Code<\/td>\n<td>J7Z 3J3<\/td>\n<\/tr>\n<tr>\n<td height=\"21\"><\/td>\n<td><\/td>\n<\/tr>\n<tr>\n<td height=\"21\">Phone<\/td>\n<td>450\u00a0565-3267 ou 1 877 565-3267 (sans frais)<\/td>\n<\/tr>\n<tr>\n<td height=\"21\">Telec<\/td>\n<td><\/td>\n<\/tr>\n<tr>\n<td height=\"21\">Website<\/td>\n<td><a href=\"http:\/\/jpducktransport.com\">http:\/\/jpducktransport.com<\/a><\/td>\n<\/tr>\n<tr>\n<td height=\"21\">Email<\/td>\n<td><a href=\"mailto:info@jpducktransport.com\">info@jpducktransport.com<\/a><\/td>\n<\/tr>\n<tr>\n<td height=\"21\"><\/td>\n<td><\/td>\n<\/tr>\n<\/tbody>\n<\/table>\n<hr align=\"center\" noshade=\"noshade\" size=\"2\" width=\"100%\" \/>\n<hr align=\"center\" noshade=\"noshade\" size=\"2\" width=\"100%\" \/><\/p>","protected":false},"excerpt":{"rendered":"<p>D\u00e9m\u00e9nagement J.P Duck Contact Marl\u00e8ne Audoin Address 1048, 23e Avenue Sud Saint-J\u00e9rome, Qu\u00e9bec Postal Code J7Z 3J3 Phone 450\u00a0565-3267 ou 1 877 565-3267 (sans frais) Telec Website http:\/\/jpducktransport.com Email info@jpducktransport.com<\/p>\n","protected":false},"author":543,"featured_media":0,"parent":457,"menu_order":3,"comment_status":"open","ping_status":"open","template":"","meta":{"_acf_changed":false,"footnotes":""},"class_list":["post-1190","page","type-page","status-publish","hentry"],"acf":[],"yoast_head":"<!-- This site is optimized with the Yoast SEO plugin v26.7 - https:\/\/yoast.com\/wordpress\/plugins\/seo\/ -->\n<title>Moving companies - Claire H\u00e9rard, courtier immobilier<\/title>\n<meta name=\"robots\" content=\"index, follow, max-snippet:-1, max-image-preview:large, max-video-preview:-1\" \/>\n<link rel=\"canonical\" href=\"https:\/\/claireherard.com\/en\/nos-references\/demenageurs\/\" \/>\n<meta property=\"og:locale\" content=\"en_US\" \/>\n<meta property=\"og:type\" content=\"article\" \/>\n<meta property=\"og:title\" content=\"Moving companies - Claire H\u00e9rard, courtier immobilier\" \/>\n<meta property=\"og:description\" content=\"D\u00e9m\u00e9nagement J.P Duck Contact Marl\u00e8ne Audoin Address 1048, 23e Avenue Sud Saint-J\u00e9rome, Qu\u00e9bec Postal Code J7Z 3J3 Phone 450\u00a0565-3267 ou 1 877 565-3267 (sans frais) Telec Website http:\/\/jpducktransport.com Email info@jpducktransport.com\" \/>\n<meta property=\"og:url\" content=\"https:\/\/claireherard.com\/en\/nos-references\/demenageurs\/\" \/>\n<meta property=\"og:site_name\" content=\"Claire H\u00e9rard, courtier immobilier\" \/>\n<meta property=\"article:publisher\" content=\"https:\/\/www.facebook.com\/Claire.Herard.courtier.immobilier.Remax.Laval.Mtl\/\" \/>\n<meta property=\"article:modified_time\" content=\"2026-02-26T16:21:59+00:00\" \/>\n<meta name=\"twitter:card\" content=\"summary_large_image\" \/>\n<meta name=\"twitter:site\" content=\"@ClaireHerard\" \/>\n<meta name=\"twitter:label1\" content=\"Est. reading time\" \/>\n\t<meta name=\"twitter:data1\" content=\"1 minute\" \/>\n<script type=\"application\/ld+json\" class=\"yoast-schema-graph\">{\"@context\":\"https:\/\/schema.org\",\"@graph\":[{\"@type\":\"WebPage\",\"@id\":\"https:\/\/claireherard.com\/en\/nos-references\/demenageurs\/\",\"url\":\"https:\/\/claireherard.com\/en\/nos-references\/demenageurs\/\",\"name\":\"[:fr]D\u00e9m\u00e9nageurs[:en]Moving companies[:] - Claire H\u00e9rard, courtier immobilier\",\"isPartOf\":{\"@id\":\"https:\/\/claireherard.com\/#website\"},\"datePublished\":\"2014-01-19T23:17:46+00:00\",\"dateModified\":\"2026-02-26T16:21:59+00:00\",\"breadcrumb\":{\"@id\":\"https:\/\/claireherard.com\/en\/nos-references\/demenageurs\/#breadcrumb\"},\"inLanguage\":\"en-US\",\"potentialAction\":[{\"@type\":\"ReadAction\",\"target\":[\"https:\/\/claireherard.com\/en\/nos-references\/demenageurs\/\"]}]},{\"@type\":\"BreadcrumbList\",\"@id\":\"https:\/\/claireherard.com\/en\/nos-references\/demenageurs\/#breadcrumb\",\"itemListElement\":[{\"@type\":\"ListItem\",\"position\":1,\"name\":\"Accueil\",\"item\":\"https:\/\/claireherard.com\/\"},{\"@type\":\"ListItem\",\"position\":2,\"name\":\"Nos sp\u00e9cialistes\",\"item\":\"https:\/\/claireherard.com\/nos-references\/\"},{\"@type\":\"ListItem\",\"position\":3,\"name\":\"Moving companies\"}]},{\"@type\":\"WebSite\",\"@id\":\"https:\/\/claireherard.com\/#website\",\"url\":\"https:\/\/claireherard.com\/\",\"name\":\"Claire H\u00e9rard, courtier immobilier\",\"description\":\"Un site du r\u00e9seau Aliquando\",\"publisher\":{\"@id\":\"https:\/\/claireherard.com\/#\/schema\/person\/5a2f62181697a27c9d32633b24aa19c6\"},\"potentialAction\":[{\"@type\":\"SearchAction\",\"target\":{\"@type\":\"EntryPoint\",\"urlTemplate\":\"https:\/\/claireherard.com\/?s={search_term_string}\"},\"query-input\":{\"@type\":\"PropertyValueSpecification\",\"valueRequired\":true,\"valueName\":\"search_term_string\"}}],\"inLanguage\":\"en-US\"},{\"@type\":[\"Person\",\"Organization\"],\"@id\":\"https:\/\/claireherard.com\/#\/schema\/person\/5a2f62181697a27c9d32633b24aa19c6\",\"name\":\"CLAIRE HERARD\",\"image\":{\"@type\":\"ImageObject\",\"inLanguage\":\"en-US\",\"@id\":\"https:\/\/claireherard.com\/#\/schema\/person\/image\/\",\"url\":\"https:\/\/claireherard.com\/files\/2022\/09\/LOGO-Claire-H.-2022.png\",\"contentUrl\":\"https:\/\/claireherard.com\/files\/2022\/09\/LOGO-Claire-H.-2022.png\",\"width\":500,\"height\":500,\"caption\":\"CLAIRE HERARD\"},\"logo\":{\"@id\":\"https:\/\/claireherard.com\/#\/schema\/person\/image\/\"},\"sameAs\":[\"https:\/\/www.facebook.com\/Claire.Herard.courtier.immobilier.Remax.Laval.Mtl\/\",\"https:\/\/www.instagram.com\/claireherard_remax2000\/\",\"https:\/\/www.linkedin.com\/in\/claire-hrard-7797127\/\",\"https:\/\/x.com\/https:\/\/twitter.com\/ClaireHerard\"]}]}<\/script>\n<!-- \/ Yoast SEO plugin. -->","yoast_head_json":{"title":"Moving companies - Claire H\u00e9rard, courtier immobilier","robots":{"index":"index","follow":"follow","max-snippet":"max-snippet:-1","max-image-preview":"max-image-preview:large","max-video-preview":"max-video-preview:-1"},"canonical":"https:\/\/claireherard.com\/en\/nos-references\/demenageurs\/","og_locale":"en_US","og_type":"article","og_title":"Moving companies - Claire H\u00e9rard, courtier immobilier","og_description":"D\u00e9m\u00e9nagement J.P Duck Contact Marl\u00e8ne Audoin Address 1048, 23e Avenue Sud Saint-J\u00e9rome, Qu\u00e9bec Postal Code J7Z 3J3 Phone 450\u00a0565-3267 ou 1 877 565-3267 (sans frais) Telec Website http:\/\/jpducktransport.com Email info@jpducktransport.com","og_url":"https:\/\/claireherard.com\/en\/nos-references\/demenageurs\/","og_site_name":"Claire H\u00e9rard, courtier immobilier","article_publisher":"https:\/\/www.facebook.com\/Claire.Herard.courtier.immobilier.Remax.Laval.Mtl\/","article_modified_time":"2026-02-26T16:21:59+00:00","twitter_card":"summary_large_image","twitter_site":"@ClaireHerard","twitter_misc":{"Est. reading time":"1 minute"},"schema":{"@context":"https:\/\/schema.org","@graph":[{"@type":"WebPage","@id":"https:\/\/claireherard.com\/en\/nos-references\/demenageurs\/","url":"https:\/\/claireherard.com\/en\/nos-references\/demenageurs\/","name":"[:fr]D\u00e9m\u00e9nageurs[:en]Moving companies[:] - Claire H\u00e9rard, courtier immobilier","isPartOf":{"@id":"https:\/\/claireherard.com\/#website"},"datePublished":"2014-01-19T23:17:46+00:00","dateModified":"2026-02-26T16:21:59+00:00","breadcrumb":{"@id":"https:\/\/claireherard.com\/en\/nos-references\/demenageurs\/#breadcrumb"},"inLanguage":"en-US","potentialAction":[{"@type":"ReadAction","target":["https:\/\/claireherard.com\/en\/nos-references\/demenageurs\/"]}]},{"@type":"BreadcrumbList","@id":"https:\/\/claireherard.com\/en\/nos-references\/demenageurs\/#breadcrumb","itemListElement":[{"@type":"ListItem","position":1,"name":"Accueil","item":"https:\/\/claireherard.com\/"},{"@type":"ListItem","position":2,"name":"Nos sp\u00e9cialistes","item":"https:\/\/claireherard.com\/nos-references\/"},{"@type":"ListItem","position":3,"name":"Moving companies"}]},{"@type":"WebSite","@id":"https:\/\/claireherard.com\/#website","url":"https:\/\/claireherard.com\/","name":"Claire H\u00e9rard, courtier immobilier","description":"Un site du r\u00e9seau Aliquando","publisher":{"@id":"https:\/\/claireherard.com\/#\/schema\/person\/5a2f62181697a27c9d32633b24aa19c6"},"potentialAction":[{"@type":"SearchAction","target":{"@type":"EntryPoint","urlTemplate":"https:\/\/claireherard.com\/?s={search_term_string}"},"query-input":{"@type":"PropertyValueSpecification","valueRequired":true,"valueName":"search_term_string"}}],"inLanguage":"en-US"},{"@type":["Person","Organization"],"@id":"https:\/\/claireherard.com\/#\/schema\/person\/5a2f62181697a27c9d32633b24aa19c6","name":"CLAIRE HERARD","image":{"@type":"ImageObject","inLanguage":"en-US","@id":"https:\/\/claireherard.com\/#\/schema\/person\/image\/","url":"https:\/\/claireherard.com\/files\/2022\/09\/LOGO-Claire-H.-2022.png","contentUrl":"https:\/\/claireherard.com\/files\/2022\/09\/LOGO-Claire-H.-2022.png","width":500,"height":500,"caption":"CLAIRE HERARD"},"logo":{"@id":"https:\/\/claireherard.com\/#\/schema\/person\/image\/"},"sameAs":["https:\/\/www.facebook.com\/Claire.Herard.courtier.immobilier.Remax.Laval.Mtl\/","https:\/\/www.instagram.com\/claireherard_remax2000\/","https:\/\/www.linkedin.com\/in\/claire-hrard-7797127\/","https:\/\/x.com\/https:\/\/twitter.com\/ClaireHerard"]}]}},"_links":{"self":[{"href":"https:\/\/claireherard.com\/en\/wp-json\/wp\/v2\/pages\/1190","targetHints":{"allow":["GET"]}}],"collection":[{"href":"https:\/\/claireherard.com\/en\/wp-json\/wp\/v2\/pages"}],"about":[{"href":"https:\/\/claireherard.com\/en\/wp-json\/wp\/v2\/types\/page"}],"author":[{"embeddable":true,"href":"https:\/\/claireherard.com\/en\/wp-json\/wp\/v2\/users\/543"}],"replies":[{"embeddable":true,"href":"https:\/\/claireherard.com\/en\/wp-json\/wp\/v2\/comments?post=1190"}],"version-history":[{"count":3,"href":"https:\/\/claireherard.com\/en\/wp-json\/wp\/v2\/pages\/1190\/revisions"}],"predecessor-version":[{"id":4256,"href":"https:\/\/claireherard.com\/en\/wp-json\/wp\/v2\/pages\/1190\/revisions\/4256"}],"up":[{"embeddable":true,"href":"https:\/\/claireherard.com\/en\/wp-json\/wp\/v2\/pages\/457"}],"wp:attachment":[{"href":"https:\/\/claireherard.com\/en\/wp-json\/wp\/v2\/media?parent=1190"}],"curies":[{"name":"wp","href":"https:\/\/api.w.org\/{rel}","templated":true}]}}