{"id":28,"date":"2012-05-22T20:43:52","date_gmt":"2012-05-22T20:43:52","guid":{"rendered":"http:\/\/aliquando.id-3.net\/?page_id=28"},"modified":"2018-01-29T18:39:41","modified_gmt":"2018-01-29T23:39:41","slug":"mes-proprietes","status":"publish","type":"page","link":"https:\/\/claireherard.com\/en\/mes-proprietes\/","title":{"rendered":"My properties"},"content":{"rendered":"<p><\/p>\n<p><\/p>","protected":false},"excerpt":{"rendered":"","protected":false},"author":1,"featured_media":0,"parent":0,"menu_order":10,"comment_status":"open","ping_status":"closed","template":"t_listings.php","meta":{"_acf_changed":false,"footnotes":""},"class_list":["post-28","page","type-page","status-publish","hentry"],"acf":[],"yoast_head":"<!-- This site is optimized with the Yoast SEO plugin v26.7 - https:\/\/yoast.com\/wordpress\/plugins\/seo\/ -->\n<title>Houses and condos for sale Laval, Ste-Doroth\u00e9e, Fabreville | Claire H\u00e9rard<\/title>\n<meta name=\"description\" content=\"Consult our houses and condos for sale in Laval, Ste-Doroth\u00e9e, Fabreville and surroundings. Communicate with us for more details\" \/>\n<meta name=\"robots\" content=\"index, follow, max-snippet:-1, max-image-preview:large, max-video-preview:-1\" \/>\n<link rel=\"canonical\" href=\"https:\/\/claireherard.com\/en\/mes-proprietes\/\" \/>\n<meta property=\"og:locale\" content=\"en_US\" \/>\n<meta property=\"og:type\" content=\"article\" \/>\n<meta property=\"og:title\" content=\"Houses and condos for sale Laval, Ste-Doroth\u00e9e, Fabreville | Claire H\u00e9rard\" \/>\n<meta property=\"og:description\" content=\"Consult our houses and condos for sale in Laval, Ste-Doroth\u00e9e, Fabreville and surroundings. Communicate with us for more details\" \/>\n<meta property=\"og:url\" content=\"https:\/\/claireherard.com\/en\/mes-proprietes\/\" \/>\n<meta property=\"og:site_name\" content=\"Claire H\u00e9rard, courtier immobilier\" \/>\n<meta property=\"article:publisher\" content=\"https:\/\/www.facebook.com\/Claire.Herard.courtier.immobilier.Remax.Laval.Mtl\/\" \/>\n<meta property=\"article:modified_time\" content=\"2018-01-29T23:39:41+00:00\" \/>\n<meta name=\"twitter:card\" content=\"summary_large_image\" \/>\n<meta name=\"twitter:site\" content=\"@ClaireHerard\" \/>\n<script type=\"application\/ld+json\" class=\"yoast-schema-graph\">{\"@context\":\"https:\/\/schema.org\",\"@graph\":[{\"@type\":\"WebPage\",\"@id\":\"https:\/\/claireherard.com\/en\/mes-proprietes\/\",\"url\":\"https:\/\/claireherard.com\/en\/mes-proprietes\/\",\"name\":\"Houses and condos for sale Laval, Ste-Doroth\u00e9e, Fabreville | Claire H\u00e9rard\",\"isPartOf\":{\"@id\":\"https:\/\/claireherard.com\/#website\"},\"datePublished\":\"2012-05-22T20:43:52+00:00\",\"dateModified\":\"2018-01-29T23:39:41+00:00\",\"description\":\"Consult our houses and condos for sale in Laval, Ste-Doroth\u00e9e, Fabreville and surroundings. Communicate with us for more details\",\"breadcrumb\":{\"@id\":\"https:\/\/claireherard.com\/en\/mes-proprietes\/#breadcrumb\"},\"inLanguage\":\"en-US\",\"potentialAction\":[{\"@type\":\"ReadAction\",\"target\":[\"https:\/\/claireherard.com\/en\/mes-proprietes\/\"]}]},{\"@type\":\"BreadcrumbList\",\"@id\":\"https:\/\/claireherard.com\/en\/mes-proprietes\/#breadcrumb\",\"itemListElement\":[{\"@type\":\"ListItem\",\"position\":1,\"name\":\"Accueil\",\"item\":\"https:\/\/claireherard.com\/\"},{\"@type\":\"ListItem\",\"position\":2,\"name\":\"My properties\"}]},{\"@type\":\"WebSite\",\"@id\":\"https:\/\/claireherard.com\/#website\",\"url\":\"https:\/\/claireherard.com\/\",\"name\":\"Claire H\u00e9rard, courtier immobilier\",\"description\":\"Un site du r\u00e9seau Aliquando\",\"publisher\":{\"@id\":\"https:\/\/claireherard.com\/#\/schema\/person\/5a2f62181697a27c9d32633b24aa19c6\"},\"potentialAction\":[{\"@type\":\"SearchAction\",\"target\":{\"@type\":\"EntryPoint\",\"urlTemplate\":\"https:\/\/claireherard.com\/?s={search_term_string}\"},\"query-input\":{\"@type\":\"PropertyValueSpecification\",\"valueRequired\":true,\"valueName\":\"search_term_string\"}}],\"inLanguage\":\"en-US\"},{\"@type\":[\"Person\",\"Organization\"],\"@id\":\"https:\/\/claireherard.com\/#\/schema\/person\/5a2f62181697a27c9d32633b24aa19c6\",\"name\":\"CLAIRE HERARD\",\"image\":{\"@type\":\"ImageObject\",\"inLanguage\":\"en-US\",\"@id\":\"https:\/\/claireherard.com\/#\/schema\/person\/image\/\",\"url\":\"https:\/\/claireherard.com\/files\/2022\/09\/LOGO-Claire-H.-2022.png\",\"contentUrl\":\"https:\/\/claireherard.com\/files\/2022\/09\/LOGO-Claire-H.-2022.png\",\"width\":500,\"height\":500,\"caption\":\"CLAIRE HERARD\"},\"logo\":{\"@id\":\"https:\/\/claireherard.com\/#\/schema\/person\/image\/\"},\"sameAs\":[\"https:\/\/www.facebook.com\/Claire.Herard.courtier.immobilier.Remax.Laval.Mtl\/\",\"https:\/\/www.instagram.com\/claireherard_remax2000\/\",\"https:\/\/www.linkedin.com\/in\/claire-hrard-7797127\/\",\"https:\/\/x.com\/https:\/\/twitter.com\/ClaireHerard\"]}]}<\/script>\n<!-- \/ Yoast SEO plugin. -->","yoast_head_json":{"title":"Houses and condos for sale Laval, Ste-Doroth\u00e9e, Fabreville | Claire H\u00e9rard","description":"Consult our houses and condos for sale in Laval, Ste-Doroth\u00e9e, Fabreville and surroundings. Communicate with us for more details","robots":{"index":"index","follow":"follow","max-snippet":"max-snippet:-1","max-image-preview":"max-image-preview:large","max-video-preview":"max-video-preview:-1"},"canonical":"https:\/\/claireherard.com\/en\/mes-proprietes\/","og_locale":"en_US","og_type":"article","og_title":"Houses and condos for sale Laval, Ste-Doroth\u00e9e, Fabreville | Claire H\u00e9rard","og_description":"Consult our houses and condos for sale in Laval, Ste-Doroth\u00e9e, Fabreville and surroundings. Communicate with us for more details","og_url":"https:\/\/claireherard.com\/en\/mes-proprietes\/","og_site_name":"Claire H\u00e9rard, courtier immobilier","article_publisher":"https:\/\/www.facebook.com\/Claire.Herard.courtier.immobilier.Remax.Laval.Mtl\/","article_modified_time":"2018-01-29T23:39:41+00:00","twitter_card":"summary_large_image","twitter_site":"@ClaireHerard","schema":{"@context":"https:\/\/schema.org","@graph":[{"@type":"WebPage","@id":"https:\/\/claireherard.com\/en\/mes-proprietes\/","url":"https:\/\/claireherard.com\/en\/mes-proprietes\/","name":"Houses and condos for sale Laval, Ste-Doroth\u00e9e, Fabreville | Claire H\u00e9rard","isPartOf":{"@id":"https:\/\/claireherard.com\/#website"},"datePublished":"2012-05-22T20:43:52+00:00","dateModified":"2018-01-29T23:39:41+00:00","description":"Consult our houses and condos for sale in Laval, Ste-Doroth\u00e9e, Fabreville and surroundings. Communicate with us for more details","breadcrumb":{"@id":"https:\/\/claireherard.com\/en\/mes-proprietes\/#breadcrumb"},"inLanguage":"en-US","potentialAction":[{"@type":"ReadAction","target":["https:\/\/claireherard.com\/en\/mes-proprietes\/"]}]},{"@type":"BreadcrumbList","@id":"https:\/\/claireherard.com\/en\/mes-proprietes\/#breadcrumb","itemListElement":[{"@type":"ListItem","position":1,"name":"Accueil","item":"https:\/\/claireherard.com\/"},{"@type":"ListItem","position":2,"name":"My properties"}]},{"@type":"WebSite","@id":"https:\/\/claireherard.com\/#website","url":"https:\/\/claireherard.com\/","name":"Claire H\u00e9rard, courtier immobilier","description":"Un site du r\u00e9seau Aliquando","publisher":{"@id":"https:\/\/claireherard.com\/#\/schema\/person\/5a2f62181697a27c9d32633b24aa19c6"},"potentialAction":[{"@type":"SearchAction","target":{"@type":"EntryPoint","urlTemplate":"https:\/\/claireherard.com\/?s={search_term_string}"},"query-input":{"@type":"PropertyValueSpecification","valueRequired":true,"valueName":"search_term_string"}}],"inLanguage":"en-US"},{"@type":["Person","Organization"],"@id":"https:\/\/claireherard.com\/#\/schema\/person\/5a2f62181697a27c9d32633b24aa19c6","name":"CLAIRE HERARD","image":{"@type":"ImageObject","inLanguage":"en-US","@id":"https:\/\/claireherard.com\/#\/schema\/person\/image\/","url":"https:\/\/claireherard.com\/files\/2022\/09\/LOGO-Claire-H.-2022.png","contentUrl":"https:\/\/claireherard.com\/files\/2022\/09\/LOGO-Claire-H.-2022.png","width":500,"height":500,"caption":"CLAIRE HERARD"},"logo":{"@id":"https:\/\/claireherard.com\/#\/schema\/person\/image\/"},"sameAs":["https:\/\/www.facebook.com\/Claire.Herard.courtier.immobilier.Remax.Laval.Mtl\/","https:\/\/www.instagram.com\/claireherard_remax2000\/","https:\/\/www.linkedin.com\/in\/claire-hrard-7797127\/","https:\/\/x.com\/https:\/\/twitter.com\/ClaireHerard"]}]}},"_links":{"self":[{"href":"https:\/\/claireherard.com\/en\/wp-json\/wp\/v2\/pages\/28","targetHints":{"allow":["GET"]}}],"collection":[{"href":"https:\/\/claireherard.com\/en\/wp-json\/wp\/v2\/pages"}],"about":[{"href":"https:\/\/claireherard.com\/en\/wp-json\/wp\/v2\/types\/page"}],"author":[{"embeddable":true,"href":"https:\/\/claireherard.com\/en\/wp-json\/wp\/v2\/users\/1"}],"replies":[{"embeddable":true,"href":"https:\/\/claireherard.com\/en\/wp-json\/wp\/v2\/comments?post=28"}],"version-history":[{"count":3,"href":"https:\/\/claireherard.com\/en\/wp-json\/wp\/v2\/pages\/28\/revisions"}],"predecessor-version":[{"id":3192,"href":"https:\/\/claireherard.com\/en\/wp-json\/wp\/v2\/pages\/28\/revisions\/3192"}],"wp:attachment":[{"href":"https:\/\/claireherard.com\/en\/wp-json\/wp\/v2\/media?parent=28"}],"curies":[{"name":"wp","href":"https:\/\/api.w.org\/{rel}","templated":true}]}}