{"id":34,"date":"2012-05-22T20:45:12","date_gmt":"2012-05-22T20:45:12","guid":{"rendered":"http:\/\/aliquando.id-3.net\/?page_id=34"},"modified":"2019-09-09T16:15:12","modified_gmt":"2019-09-09T20:15:12","slug":"me-contacter","status":"publish","type":"page","link":"https:\/\/claireherard.com\/en\/me-contacter\/","title":{"rendered":"Contact me"},"content":{"rendered":"<p><\/p>\n<p><\/p>","protected":false},"excerpt":{"rendered":"","protected":false},"author":1,"featured_media":0,"parent":0,"menu_order":50,"comment_status":"open","ping_status":"closed","template":"t_contact.php","meta":{"_acf_changed":false,"footnotes":""},"class_list":["post-34","page","type-page","status-publish","hentry"],"acf":[],"yoast_head":"<!-- This site is optimized with the Yoast SEO plugin v26.7 - https:\/\/yoast.com\/wordpress\/plugins\/seo\/ -->\n<title>Visite &amp; \u00e9valuation de propri\u00e9t\u00e9s | Claire H\u00e9rard<\/title>\n<meta name=\"description\" content=\"Contactez-nous pour une visite ou \u00e9valuation de propri\u00e9t\u00e9 dans la r\u00e9gion de Laval, Ste-Doroth\u00e9e, Fabreville et environs\" \/>\n<meta name=\"robots\" content=\"index, follow, max-snippet:-1, max-image-preview:large, max-video-preview:-1\" \/>\n<link rel=\"canonical\" href=\"https:\/\/claireherard.com\/me-contacter\/\" \/>\n<meta property=\"og:locale\" content=\"en_US\" \/>\n<meta property=\"og:type\" content=\"article\" \/>\n<meta property=\"og:title\" content=\"Visite &amp; \u00e9valuation de propri\u00e9t\u00e9s | Claire H\u00e9rard\" \/>\n<meta property=\"og:description\" content=\"Contactez-nous pour une visite ou \u00e9valuation de propri\u00e9t\u00e9 dans la r\u00e9gion de Laval, Ste-Doroth\u00e9e, Fabreville et environs\" \/>\n<meta property=\"og:url\" content=\"https:\/\/claireherard.com\/me-contacter\/\" \/>\n<meta property=\"og:site_name\" content=\"Claire H\u00e9rard, courtier immobilier\" \/>\n<meta property=\"article:publisher\" content=\"https:\/\/www.facebook.com\/Claire.Herard.courtier.immobilier.Remax.Laval.Mtl\/\" \/>\n<meta property=\"article:modified_time\" content=\"2019-09-09T20:15:12+00:00\" \/>\n<meta name=\"twitter:card\" content=\"summary_large_image\" \/>\n<meta name=\"twitter:site\" content=\"@ClaireHerard\" \/>\n<script type=\"application\/ld+json\" class=\"yoast-schema-graph\">{\"@context\":\"https:\/\/schema.org\",\"@graph\":[{\"@type\":\"WebPage\",\"@id\":\"https:\/\/claireherard.com\/me-contacter\/\",\"url\":\"https:\/\/claireherard.com\/me-contacter\/\",\"name\":\"Visite & \u00e9valuation de propri\u00e9t\u00e9s | Claire H\u00e9rard\",\"isPartOf\":{\"@id\":\"https:\/\/claireherard.com\/#website\"},\"datePublished\":\"2012-05-22T20:45:12+00:00\",\"dateModified\":\"2019-09-09T20:15:12+00:00\",\"description\":\"Contactez-nous pour une visite ou \u00e9valuation de propri\u00e9t\u00e9 dans la r\u00e9gion de Laval, Ste-Doroth\u00e9e, Fabreville et environs\",\"breadcrumb\":{\"@id\":\"https:\/\/claireherard.com\/me-contacter\/#breadcrumb\"},\"inLanguage\":\"en-US\",\"potentialAction\":[{\"@type\":\"ReadAction\",\"target\":[\"https:\/\/claireherard.com\/me-contacter\/\"]}]},{\"@type\":\"BreadcrumbList\",\"@id\":\"https:\/\/claireherard.com\/me-contacter\/#breadcrumb\",\"itemListElement\":[{\"@type\":\"ListItem\",\"position\":1,\"name\":\"Accueil\",\"item\":\"https:\/\/claireherard.com\/\"},{\"@type\":\"ListItem\",\"position\":2,\"name\":\"Me contacter\"}]},{\"@type\":\"WebSite\",\"@id\":\"https:\/\/claireherard.com\/#website\",\"url\":\"https:\/\/claireherard.com\/\",\"name\":\"Claire H\u00e9rard, courtier immobilier\",\"description\":\"Un site du r\u00e9seau Aliquando\",\"publisher\":{\"@id\":\"https:\/\/claireherard.com\/#\/schema\/person\/5a2f62181697a27c9d32633b24aa19c6\"},\"potentialAction\":[{\"@type\":\"SearchAction\",\"target\":{\"@type\":\"EntryPoint\",\"urlTemplate\":\"https:\/\/claireherard.com\/?s={search_term_string}\"},\"query-input\":{\"@type\":\"PropertyValueSpecification\",\"valueRequired\":true,\"valueName\":\"search_term_string\"}}],\"inLanguage\":\"en-US\"},{\"@type\":[\"Person\",\"Organization\"],\"@id\":\"https:\/\/claireherard.com\/#\/schema\/person\/5a2f62181697a27c9d32633b24aa19c6\",\"name\":\"CLAIRE HERARD\",\"image\":{\"@type\":\"ImageObject\",\"inLanguage\":\"en-US\",\"@id\":\"https:\/\/claireherard.com\/#\/schema\/person\/image\/\",\"url\":\"https:\/\/claireherard.com\/files\/2022\/09\/LOGO-Claire-H.-2022.png\",\"contentUrl\":\"https:\/\/claireherard.com\/files\/2022\/09\/LOGO-Claire-H.-2022.png\",\"width\":500,\"height\":500,\"caption\":\"CLAIRE HERARD\"},\"logo\":{\"@id\":\"https:\/\/claireherard.com\/#\/schema\/person\/image\/\"},\"sameAs\":[\"https:\/\/www.facebook.com\/Claire.Herard.courtier.immobilier.Remax.Laval.Mtl\/\",\"https:\/\/www.instagram.com\/claireherard_remax2000\/\",\"https:\/\/www.linkedin.com\/in\/claire-hrard-7797127\/\",\"https:\/\/x.com\/https:\/\/twitter.com\/ClaireHerard\"]}]}<\/script>\n<!-- \/ Yoast SEO plugin. -->","yoast_head_json":{"title":"Visite & \u00e9valuation de propri\u00e9t\u00e9s | Claire H\u00e9rard","description":"Contactez-nous pour une visite ou \u00e9valuation de propri\u00e9t\u00e9 dans la r\u00e9gion de Laval, Ste-Doroth\u00e9e, Fabreville et environs","robots":{"index":"index","follow":"follow","max-snippet":"max-snippet:-1","max-image-preview":"max-image-preview:large","max-video-preview":"max-video-preview:-1"},"canonical":"https:\/\/claireherard.com\/me-contacter\/","og_locale":"en_US","og_type":"article","og_title":"Visite & \u00e9valuation de propri\u00e9t\u00e9s | Claire H\u00e9rard","og_description":"Contactez-nous pour une visite ou \u00e9valuation de propri\u00e9t\u00e9 dans la r\u00e9gion de Laval, Ste-Doroth\u00e9e, Fabreville et environs","og_url":"https:\/\/claireherard.com\/me-contacter\/","og_site_name":"Claire H\u00e9rard, courtier immobilier","article_publisher":"https:\/\/www.facebook.com\/Claire.Herard.courtier.immobilier.Remax.Laval.Mtl\/","article_modified_time":"2019-09-09T20:15:12+00:00","twitter_card":"summary_large_image","twitter_site":"@ClaireHerard","schema":{"@context":"https:\/\/schema.org","@graph":[{"@type":"WebPage","@id":"https:\/\/claireherard.com\/me-contacter\/","url":"https:\/\/claireherard.com\/me-contacter\/","name":"Visite & \u00e9valuation de propri\u00e9t\u00e9s | Claire H\u00e9rard","isPartOf":{"@id":"https:\/\/claireherard.com\/#website"},"datePublished":"2012-05-22T20:45:12+00:00","dateModified":"2019-09-09T20:15:12+00:00","description":"Contactez-nous pour une visite ou \u00e9valuation de propri\u00e9t\u00e9 dans la r\u00e9gion de Laval, Ste-Doroth\u00e9e, Fabreville et environs","breadcrumb":{"@id":"https:\/\/claireherard.com\/me-contacter\/#breadcrumb"},"inLanguage":"en-US","potentialAction":[{"@type":"ReadAction","target":["https:\/\/claireherard.com\/me-contacter\/"]}]},{"@type":"BreadcrumbList","@id":"https:\/\/claireherard.com\/me-contacter\/#breadcrumb","itemListElement":[{"@type":"ListItem","position":1,"name":"Accueil","item":"https:\/\/claireherard.com\/"},{"@type":"ListItem","position":2,"name":"Me contacter"}]},{"@type":"WebSite","@id":"https:\/\/claireherard.com\/#website","url":"https:\/\/claireherard.com\/","name":"Claire H\u00e9rard, courtier immobilier","description":"Un site du r\u00e9seau Aliquando","publisher":{"@id":"https:\/\/claireherard.com\/#\/schema\/person\/5a2f62181697a27c9d32633b24aa19c6"},"potentialAction":[{"@type":"SearchAction","target":{"@type":"EntryPoint","urlTemplate":"https:\/\/claireherard.com\/?s={search_term_string}"},"query-input":{"@type":"PropertyValueSpecification","valueRequired":true,"valueName":"search_term_string"}}],"inLanguage":"en-US"},{"@type":["Person","Organization"],"@id":"https:\/\/claireherard.com\/#\/schema\/person\/5a2f62181697a27c9d32633b24aa19c6","name":"CLAIRE HERARD","image":{"@type":"ImageObject","inLanguage":"en-US","@id":"https:\/\/claireherard.com\/#\/schema\/person\/image\/","url":"https:\/\/claireherard.com\/files\/2022\/09\/LOGO-Claire-H.-2022.png","contentUrl":"https:\/\/claireherard.com\/files\/2022\/09\/LOGO-Claire-H.-2022.png","width":500,"height":500,"caption":"CLAIRE HERARD"},"logo":{"@id":"https:\/\/claireherard.com\/#\/schema\/person\/image\/"},"sameAs":["https:\/\/www.facebook.com\/Claire.Herard.courtier.immobilier.Remax.Laval.Mtl\/","https:\/\/www.instagram.com\/claireherard_remax2000\/","https:\/\/www.linkedin.com\/in\/claire-hrard-7797127\/","https:\/\/x.com\/https:\/\/twitter.com\/ClaireHerard"]}]}},"_links":{"self":[{"href":"https:\/\/claireherard.com\/en\/wp-json\/wp\/v2\/pages\/34","targetHints":{"allow":["GET"]}}],"collection":[{"href":"https:\/\/claireherard.com\/en\/wp-json\/wp\/v2\/pages"}],"about":[{"href":"https:\/\/claireherard.com\/en\/wp-json\/wp\/v2\/types\/page"}],"author":[{"embeddable":true,"href":"https:\/\/claireherard.com\/en\/wp-json\/wp\/v2\/users\/1"}],"replies":[{"embeddable":true,"href":"https:\/\/claireherard.com\/en\/wp-json\/wp\/v2\/comments?post=34"}],"version-history":[{"count":2,"href":"https:\/\/claireherard.com\/en\/wp-json\/wp\/v2\/pages\/34\/revisions"}],"predecessor-version":[{"id":3398,"href":"https:\/\/claireherard.com\/en\/wp-json\/wp\/v2\/pages\/34\/revisions\/3398"}],"wp:attachment":[{"href":"https:\/\/claireherard.com\/en\/wp-json\/wp\/v2\/media?parent=34"}],"curies":[{"name":"wp","href":"https:\/\/api.w.org\/{rel}","templated":true}]}}