{"id":467,"date":"2014-01-07T15:33:27","date_gmt":"2014-01-07T20:33:27","guid":{"rendered":"http:\/\/17196.a.aliquando.immo\/?page_id=467"},"modified":"2019-04-06T17:10:59","modified_gmt":"2019-04-06T21:10:59","slug":"home-staging","status":"publish","type":"page","link":"https:\/\/claireherard.com\/en\/nos-references\/home-staging\/","title":{"rendered":"Home staging"},"content":{"rendered":"<p><\/p>\n<hr align=\"center\" noshade=\"noshade\" size=\"2\" width=\"100%\" \/>\n<h3>Cr\u00e9ations Home Staging<\/h3>\n<table border=\"0\" width=\"463\" cellspacing=\"0\" cellpadding=\"0\">\n<colgroup>\n<col width=\"118\" \/><\/colgroup>\n<colgroup>\n<col width=\"345\" \/><\/colgroup>\n<tbody>\n<tr>\n<td width=\"218\" height=\"21\"><img loading=\"lazy\" decoding=\"async\" class=\"size-full wp-image-1876 alignleft\" src=\"\/files\/2015\/09\/cardins.png\" alt=\"scardin\" width=\"177\" height=\"198\" \/><\/td>\n<td width=\"345\">St\u00e9phanie Cardin, BAA<br \/>\nCertified home staging specialist<\/td>\n<\/tr>\n<tr>\n<td height=\"21\">\u00a0<a href=\"http:\/\/www.creationshomestaging.com\">creationshomestaging.com<\/a><\/td>\n<td>Services are offered at Montreal, Laval, South shore, North shore and Lanaudi\u00e8re area.<\/td>\n<\/tr>\n<tr>\n<td height=\"21\"><\/td>\n<td><\/td>\n<\/tr>\n<tr>\n<td height=\"21\"><\/td>\n<td>The art of staging is preparing a property in order to sell quickly!<\/td>\n<\/tr>\n<tr>\n<td height=\"21\"><\/td>\n<td><\/td>\n<\/tr>\n<tr>\n<td height=\"21\">Cellular<\/td>\n<td>514 297-6913<\/td>\n<\/tr>\n<tr>\n<td height=\"21\">Email<\/td>\n<td><a href=\"mailto:creationshomestaging@videotron.ca\">creationshomestaging@videotron.ca<\/a><\/td>\n<\/tr>\n<tr>\n<td height=\"21\"><\/td>\n<td><\/td>\n<\/tr>\n<\/tbody>\n<\/table>\n<hr align=\"center\" noshade=\"noshade\" size=\"2\" width=\"100%\" \/>\n<h3>Deco Style Design<\/h3>\n<table border=\"0\" width=\"463\" cellspacing=\"0\" cellpadding=\"0\">\n<colgroup>\n<col width=\"118\" \/><\/colgroup>\n<colgroup>\n<col width=\"345\" \/><\/colgroup>\n<tbody>\n<tr>\n<td width=\"218\" height=\"21\">\u00a0<img loading=\"lazy\" decoding=\"async\" class=\"alignnone wp-image-1891\" src=\"\/files\/2015\/09\/viaui.png\" alt=\"Isabelle Viau\" width=\"177\" height=\"198\" \/><\/td>\n<td width=\"345\">Isabelle Viau<br \/>\nInterior designer<\/td>\n<\/tr>\n<tr>\n<td height=\"21\"><\/td>\n<td><\/td>\n<\/tr>\n<tr>\n<td height=\"21\">\u00a0<a href=\"http:\/\/www.decostyledesign.com\/\">decostyledesign.com<\/a><\/td>\n<td><\/td>\n<\/tr>\n<tr>\n<td height=\"21\"><\/td>\n<td>The art of seeing your home from a different angle!<\/td>\n<\/tr>\n<tr>\n<td height=\"21\"><\/td>\n<td><\/td>\n<\/tr>\n<tr>\n<td height=\"21\">Cellular<\/td>\n<td>514 717-0191<\/td>\n<\/tr>\n<tr>\n<td height=\"21\">Email<\/td>\n<td><a href=\"mailto:isabelle.viau@decostyledesign.com\">isabelle.viau@decostyledesign.com<\/a><\/td>\n<\/tr>\n<tr>\n<td height=\"21\"><\/td>\n<td><\/td>\n<\/tr>\n<\/tbody>\n<\/table>\n<hr align=\"center\" noshade=\"noshade\" size=\"2\" width=\"100%\" \/>\n<hr align=\"center\" noshade=\"noshade\" size=\"2\" width=\"100%\" \/>\n<p><!--more--><\/p>\n<p><\/p>","protected":false},"excerpt":{"rendered":"<p>Sorry, this entry is only available in Fran\u00e7ais.<\/p>\n","protected":false},"author":121,"featured_media":0,"parent":457,"menu_order":9,"comment_status":"open","ping_status":"open","template":"","meta":{"_acf_changed":false,"footnotes":""},"class_list":["post-467","page","type-page","status-publish","hentry"],"acf":[],"yoast_head":"<!-- This site is optimized with the Yoast SEO plugin v26.7 - https:\/\/yoast.com\/wordpress\/plugins\/seo\/ -->\n<title>Home staging - Claire H\u00e9rard, courtier immobilier<\/title>\n<meta name=\"robots\" content=\"index, follow, max-snippet:-1, max-image-preview:large, max-video-preview:-1\" \/>\n<link rel=\"canonical\" href=\"https:\/\/claireherard.com\/en\/nos-references\/home-staging\/\" \/>\n<meta property=\"og:locale\" content=\"en_US\" \/>\n<meta property=\"og:type\" content=\"article\" \/>\n<meta property=\"og:title\" content=\"Home staging - Claire H\u00e9rard, courtier immobilier\" \/>\n<meta property=\"og:description\" content=\"Sorry, this entry is only available in Fran\u00e7ais.\" \/>\n<meta property=\"og:url\" content=\"https:\/\/claireherard.com\/en\/nos-references\/home-staging\/\" \/>\n<meta property=\"og:site_name\" content=\"Claire H\u00e9rard, courtier immobilier\" \/>\n<meta property=\"article:publisher\" content=\"https:\/\/www.facebook.com\/Claire.Herard.courtier.immobilier.Remax.Laval.Mtl\/\" \/>\n<meta property=\"article:modified_time\" content=\"2019-04-06T21:10:59+00:00\" \/>\n<meta name=\"twitter:card\" content=\"summary_large_image\" \/>\n<meta name=\"twitter:site\" content=\"@ClaireHerard\" \/>\n<meta name=\"twitter:label1\" content=\"Est. reading time\" \/>\n\t<meta name=\"twitter:data1\" content=\"1 minute\" \/>\n<script type=\"application\/ld+json\" class=\"yoast-schema-graph\">{\"@context\":\"https:\/\/schema.org\",\"@graph\":[{\"@type\":\"WebPage\",\"@id\":\"https:\/\/claireherard.com\/en\/nos-references\/home-staging\/\",\"url\":\"https:\/\/claireherard.com\/en\/nos-references\/home-staging\/\",\"name\":\"[:fr]Mise en valeur de propri\u00e9t\u00e9s (Home-Staging)[:en]Home staging[:] - Claire H\u00e9rard, courtier immobilier\",\"isPartOf\":{\"@id\":\"https:\/\/claireherard.com\/#website\"},\"datePublished\":\"2014-01-07T20:33:27+00:00\",\"dateModified\":\"2019-04-06T21:10:59+00:00\",\"breadcrumb\":{\"@id\":\"https:\/\/claireherard.com\/en\/nos-references\/home-staging\/#breadcrumb\"},\"inLanguage\":\"en-US\",\"potentialAction\":[{\"@type\":\"ReadAction\",\"target\":[\"https:\/\/claireherard.com\/en\/nos-references\/home-staging\/\"]}]},{\"@type\":\"BreadcrumbList\",\"@id\":\"https:\/\/claireherard.com\/en\/nos-references\/home-staging\/#breadcrumb\",\"itemListElement\":[{\"@type\":\"ListItem\",\"position\":1,\"name\":\"Accueil\",\"item\":\"https:\/\/claireherard.com\/\"},{\"@type\":\"ListItem\",\"position\":2,\"name\":\"Nos sp\u00e9cialistes\",\"item\":\"https:\/\/claireherard.com\/nos-references\/\"},{\"@type\":\"ListItem\",\"position\":3,\"name\":\"Home staging\"}]},{\"@type\":\"WebSite\",\"@id\":\"https:\/\/claireherard.com\/#website\",\"url\":\"https:\/\/claireherard.com\/\",\"name\":\"Claire H\u00e9rard, courtier immobilier\",\"description\":\"Un site du r\u00e9seau Aliquando\",\"publisher\":{\"@id\":\"https:\/\/claireherard.com\/#\/schema\/person\/5a2f62181697a27c9d32633b24aa19c6\"},\"potentialAction\":[{\"@type\":\"SearchAction\",\"target\":{\"@type\":\"EntryPoint\",\"urlTemplate\":\"https:\/\/claireherard.com\/?s={search_term_string}\"},\"query-input\":{\"@type\":\"PropertyValueSpecification\",\"valueRequired\":true,\"valueName\":\"search_term_string\"}}],\"inLanguage\":\"en-US\"},{\"@type\":[\"Person\",\"Organization\"],\"@id\":\"https:\/\/claireherard.com\/#\/schema\/person\/5a2f62181697a27c9d32633b24aa19c6\",\"name\":\"CLAIRE HERARD\",\"image\":{\"@type\":\"ImageObject\",\"inLanguage\":\"en-US\",\"@id\":\"https:\/\/claireherard.com\/#\/schema\/person\/image\/\",\"url\":\"https:\/\/claireherard.com\/files\/2022\/09\/LOGO-Claire-H.-2022.png\",\"contentUrl\":\"https:\/\/claireherard.com\/files\/2022\/09\/LOGO-Claire-H.-2022.png\",\"width\":500,\"height\":500,\"caption\":\"CLAIRE HERARD\"},\"logo\":{\"@id\":\"https:\/\/claireherard.com\/#\/schema\/person\/image\/\"},\"sameAs\":[\"https:\/\/www.facebook.com\/Claire.Herard.courtier.immobilier.Remax.Laval.Mtl\/\",\"https:\/\/www.instagram.com\/claireherard_remax2000\/\",\"https:\/\/www.linkedin.com\/in\/claire-hrard-7797127\/\",\"https:\/\/x.com\/https:\/\/twitter.com\/ClaireHerard\"]}]}<\/script>\n<!-- \/ Yoast SEO plugin. -->","yoast_head_json":{"title":"Home staging - Claire H\u00e9rard, courtier immobilier","robots":{"index":"index","follow":"follow","max-snippet":"max-snippet:-1","max-image-preview":"max-image-preview:large","max-video-preview":"max-video-preview:-1"},"canonical":"https:\/\/claireherard.com\/en\/nos-references\/home-staging\/","og_locale":"en_US","og_type":"article","og_title":"Home staging - Claire H\u00e9rard, courtier immobilier","og_description":"Sorry, this entry is only available in Fran\u00e7ais.","og_url":"https:\/\/claireherard.com\/en\/nos-references\/home-staging\/","og_site_name":"Claire H\u00e9rard, courtier immobilier","article_publisher":"https:\/\/www.facebook.com\/Claire.Herard.courtier.immobilier.Remax.Laval.Mtl\/","article_modified_time":"2019-04-06T21:10:59+00:00","twitter_card":"summary_large_image","twitter_site":"@ClaireHerard","twitter_misc":{"Est. reading time":"1 minute"},"schema":{"@context":"https:\/\/schema.org","@graph":[{"@type":"WebPage","@id":"https:\/\/claireherard.com\/en\/nos-references\/home-staging\/","url":"https:\/\/claireherard.com\/en\/nos-references\/home-staging\/","name":"[:fr]Mise en valeur de propri\u00e9t\u00e9s (Home-Staging)[:en]Home staging[:] - Claire H\u00e9rard, courtier immobilier","isPartOf":{"@id":"https:\/\/claireherard.com\/#website"},"datePublished":"2014-01-07T20:33:27+00:00","dateModified":"2019-04-06T21:10:59+00:00","breadcrumb":{"@id":"https:\/\/claireherard.com\/en\/nos-references\/home-staging\/#breadcrumb"},"inLanguage":"en-US","potentialAction":[{"@type":"ReadAction","target":["https:\/\/claireherard.com\/en\/nos-references\/home-staging\/"]}]},{"@type":"BreadcrumbList","@id":"https:\/\/claireherard.com\/en\/nos-references\/home-staging\/#breadcrumb","itemListElement":[{"@type":"ListItem","position":1,"name":"Accueil","item":"https:\/\/claireherard.com\/"},{"@type":"ListItem","position":2,"name":"Nos sp\u00e9cialistes","item":"https:\/\/claireherard.com\/nos-references\/"},{"@type":"ListItem","position":3,"name":"Home staging"}]},{"@type":"WebSite","@id":"https:\/\/claireherard.com\/#website","url":"https:\/\/claireherard.com\/","name":"Claire H\u00e9rard, courtier immobilier","description":"Un site du r\u00e9seau Aliquando","publisher":{"@id":"https:\/\/claireherard.com\/#\/schema\/person\/5a2f62181697a27c9d32633b24aa19c6"},"potentialAction":[{"@type":"SearchAction","target":{"@type":"EntryPoint","urlTemplate":"https:\/\/claireherard.com\/?s={search_term_string}"},"query-input":{"@type":"PropertyValueSpecification","valueRequired":true,"valueName":"search_term_string"}}],"inLanguage":"en-US"},{"@type":["Person","Organization"],"@id":"https:\/\/claireherard.com\/#\/schema\/person\/5a2f62181697a27c9d32633b24aa19c6","name":"CLAIRE HERARD","image":{"@type":"ImageObject","inLanguage":"en-US","@id":"https:\/\/claireherard.com\/#\/schema\/person\/image\/","url":"https:\/\/claireherard.com\/files\/2022\/09\/LOGO-Claire-H.-2022.png","contentUrl":"https:\/\/claireherard.com\/files\/2022\/09\/LOGO-Claire-H.-2022.png","width":500,"height":500,"caption":"CLAIRE HERARD"},"logo":{"@id":"https:\/\/claireherard.com\/#\/schema\/person\/image\/"},"sameAs":["https:\/\/www.facebook.com\/Claire.Herard.courtier.immobilier.Remax.Laval.Mtl\/","https:\/\/www.instagram.com\/claireherard_remax2000\/","https:\/\/www.linkedin.com\/in\/claire-hrard-7797127\/","https:\/\/x.com\/https:\/\/twitter.com\/ClaireHerard"]}]}},"_links":{"self":[{"href":"https:\/\/claireherard.com\/en\/wp-json\/wp\/v2\/pages\/467","targetHints":{"allow":["GET"]}}],"collection":[{"href":"https:\/\/claireherard.com\/en\/wp-json\/wp\/v2\/pages"}],"about":[{"href":"https:\/\/claireherard.com\/en\/wp-json\/wp\/v2\/types\/page"}],"author":[{"embeddable":true,"href":"https:\/\/claireherard.com\/en\/wp-json\/wp\/v2\/users\/121"}],"replies":[{"embeddable":true,"href":"https:\/\/claireherard.com\/en\/wp-json\/wp\/v2\/comments?post=467"}],"version-history":[{"count":2,"href":"https:\/\/claireherard.com\/en\/wp-json\/wp\/v2\/pages\/467\/revisions"}],"predecessor-version":[{"id":3369,"href":"https:\/\/claireherard.com\/en\/wp-json\/wp\/v2\/pages\/467\/revisions\/3369"}],"up":[{"embeddable":true,"href":"https:\/\/claireherard.com\/en\/wp-json\/wp\/v2\/pages\/457"}],"wp:attachment":[{"href":"https:\/\/claireherard.com\/en\/wp-json\/wp\/v2\/media?parent=467"}],"curies":[{"name":"wp","href":"https:\/\/api.w.org\/{rel}","templated":true}]}}