{"id":694,"date":"2014-01-09T11:24:48","date_gmt":"2014-01-09T16:24:48","guid":{"rendered":"http:\/\/17196.a.aliquando.immo\/?page_id=694"},"modified":"2016-02-07T14:30:01","modified_gmt":"2016-02-07T19:30:01","slug":"liens-utiles","status":"publish","type":"page","link":"https:\/\/claireherard.com\/en\/outils\/liens-utiles\/","title":{"rendered":"Useful Links"},"content":{"rendered":"<p><\/p>\n<h3 style=\"text-align: right\">Ville de Laval<\/h3>\n<p><strong>Ville de \u00a0Laval<\/strong><\/p>\n<ul>\n<li><a href=\"http:\/\/www.laval.ca\">www.laval.ca<\/a><\/li>\n<\/ul>\n<p><strong>Useful Links\u00a0&#8211; Laval<\/strong><\/p>\n<p><!-- \/ko --><\/p>\n<p style=\"padding-left: 30px\"><strong>Laval-Grant Programs<\/strong><\/p>\n<div id=\"content-page-ko\"><!-- ko template: { name: 'article-date-and-prefix-template' } --><!-- ko if: Laval.ContentPage.ArticleDate &amp;&amp; Laval.ContentPage.ArticleDate.length &gt; 0 --><!-- \/ko --><!-- \/ko --><strong>Ownership<\/strong><\/div>\n<p><a href=\"http:\/\/www.laval.ca\/Pages\/Fr\/Citoyens\/accession-a-la-propriete.aspx\"><img decoding=\"async\" src=\"http:\/\/www.laval.ca\/PublishingImages\/Pages\/Fr\/Citoyens\/subventions-aux-citoyens\/famille-devant-maison-175x110.jpg\" alt=\"famille\" border=\"0\" \/><\/a><\/p>\n<p>Ville de Laval\u00a0offers a financial assistance to young families who buy an existing house or have a starter home built in older districts of Laval.<\/p>\n<ul>\n<li><a href=\"http:\/\/www.laval.ca\/Pages\/En\/Citizens\/ownership.aspx\">To learn more<\/a><\/li>\n<\/ul>\n<p><strong>Residential Renovation<\/strong><\/p>\n<p><a href=\"http:\/\/www.laval.ca\/Pages\/Fr\/Citoyens\/renovation-residentielle.aspx\"><img decoding=\"async\" src=\"http:\/\/www.laval.ca\/PublishingImages\/Pages\/Fr\/Citoyens\/subventions-aux-citoyens\/renovation-residentielle-175x110.jpg\" alt=\"r\u00e9novations\" border=\"0\" \/><\/a><\/p>\n<p>Ville de Laval offers a five-year property tax credit for owners who renovate their home in some older districts of Laval.<\/p>\n<ul>\n<li><a href=\"http:\/\/www.laval.ca\/Pages\/En\/Citizens\/residential-renovation.aspx\">To learn more<\/a><\/li>\n<\/ul>\n<p><strong>Tax Credit<\/strong><\/p>\n<p><a href=\"http:\/\/www.laval.ca\/Pages\/Fr\/Citoyens\/credit-de-taxes.aspx\"><img decoding=\"async\" src=\"http:\/\/www.laval.ca\/PublishingImages\/Pages\/Fr\/Citoyens\/subventions-aux-citoyens\/immeuble-175x110.jpg\" alt=\"immeuble\" border=\"0\" \/><\/a><\/p>\n<p>Ville de Laval offers several tax credits to citizens wishing to buy or renovate a home located in the older neighbourhoods of the city.<\/p>\n<ul>\n<li><a href=\"http:\/\/www.laval.ca\/Pages\/En\/Citizens\/tax-credit.aspx\">To learn more<\/a><\/li>\n<\/ul>\n<p><strong>Wood Burning Appliances<\/strong><\/p>\n<p><a href=\"http:\/\/www.laval.ca\/Pages\/Fr\/Citoyens\/appareil-de-chauffage-au-bois.aspx\"><img decoding=\"async\" src=\"http:\/\/www.laval.ca\/PublishingImages\/Pages\/Fr\/Citoyens\/subventions-aux-citoyens\/foyer-pompier-175x110.jpg\" alt=\"foyer\" border=\"0\" \/><\/a><\/p>\n<p>The<em> Changez d&#8217;air!<\/em> program encourages citizens to remove or replace their old polluting wood space heater with grants up to\u00a0$700.<\/p>\n<ul>\n<li><a href=\"http:\/\/www.laval.ca\/Pages\/En\/Citizens\/wood-burning-appliances.aspx\">To learn more<\/a><\/li>\n<\/ul>\n<div>\n<hr align=\"center\" noshade=\"noshade\" size=\"2\" width=\"100%\" \/>\n<h3 style=\"text-align: right\">Laval-Business<\/h3>\n<p><strong>Centre local de d\u00e9veloppement de\u00a0Laval<\/strong><\/p>\n<\/div>\n<ul>\n<li>\n<div><a href=\"http:\/\/www.cldlaval.com\/\" target=\"_blank\">Centre local de d\u00e9veloppement (CLD) de Laval<\/a><\/div>\n<\/li>\n<\/ul>\n<p><strong>Chambre de commerce et d&#8217;Industrie de Laval <\/strong><\/p>\n<ul>\n<li>\n<div><a href=\"http:\/\/www.ccilaval.qc.ca\/\" target=\"_blank\">Chambre de commerce et d&#8217;industrie de Laval<\/a><\/div>\n<\/li>\n<\/ul>\n<p><strong>Laval Technopole<\/strong><\/p>\n<ul>\n<li>\n<div><a href=\"http:\/\/www.lavaltechnopole.com\/\" target=\"_blank\">Laval Technopole<\/a><\/div>\n<\/li>\n<\/ul>\n<p><strong>Tourisme Laval<\/strong><\/p>\n<ul>\n<li>\n<div><a href=\"http:\/\/www.tourismelaval.com\/\" target=\"_blank\">Tourisme Laval<\/a><\/div>\n<\/li>\n<\/ul>\n<hr align=\"center\" noshade=\"noshade\" size=\"2\" width=\"100%\" \/>\n<h3 style=\"text-align: right\">Scholl Board\u00a0of Laval<\/h3>\n<p><strong>Commission scolaire de Laval<\/strong><\/p>\n<ul>\n<li>\n<div><a href=\"http:\/\/www2.cslaval.qc.ca\">www2.cslaval.qc.ca<\/a><\/div>\n<\/li>\n<\/ul>\n<p><strong>Commission scolaire Sir Wilfrid Laurier<\/strong><\/p>\n<ul>\n<li>\n<div><a href=\"http:\/\/www.swlauriersb.qc.ca\">www.swlauriersb.qc.ca<\/a><\/div>\n<\/li>\n<\/ul>\n<hr align=\"center\" noshade=\"noshade\" size=\"2\" width=\"100%\" \/>\n<h3 style=\"text-align: right\">Others<\/h3>\n<p><strong>Association des inspecteurs en b\u00e2timents du Qu\u00e9bec<\/strong><\/p>\n<ul>\n<li><a href=\"http:\/\/www.aibq.qc.ca\/\">www.aibq.qc.ca<\/a><\/li>\n<\/ul>\n<p><strong>Bell Canada<\/strong><\/p>\n<ul>\n<li><a title=\"Bell\" href=\"http:\/\/www.bell.ca\/\" target=\"_blank\">Bell<\/a><\/li>\n<\/ul>\n<p><strong>Chambre des notaires du Qu\u00e9bec<\/strong><\/p>\n<ul>\n<li><a href=\"http:\/\/www.cnq.org\">www.cnq.org<\/a><\/li>\n<\/ul>\n<p><strong>Gaz M\u00e9tropolitain<\/strong><\/p>\n<ul>\n<li><a title=\"Gaz M\u00e9tropolitain\" href=\"http:\/\/www.gazmetro.com\/\" target=\"_blank\">Gaz M\u00e9tropolitain<\/a><\/li>\n<\/ul>\n<p><strong>Genworth Canada<\/strong><\/p>\n<ul>\n<li><a href=\"http:\/\/www.genworth.ca\">www.genworth.ca<\/a><\/li>\n<\/ul>\n<p><strong>Gouvernement du Qu\u00e9bec<\/strong><\/p>\n<ul>\n<li><a href=\"http:\/\/www.gouv.qc.ca\">www.gouv.qc.ca<\/a><\/li>\n<\/ul>\n<p><strong>Hydro Qu\u00e9bec<\/strong><\/p>\n<ul>\n<li><a title=\"Hydro-Qu\u00e9bec\" href=\"http:\/\/www.hydroquebec.com\/\" target=\"_blank\">Hydro-Qu\u00e9bec<\/a><\/li>\n<\/ul>\n<p><strong>OACIQ<\/strong><\/p>\n<ul>\n<li><a title=\"Organisme d\u2019autor\u00e9glementation du courtage immobilier du Qu\u00e9bec\" href=\"http:\/\/www.oaciq.com\/\" target=\"_blank\">Organisme d\u2019autor\u00e9glementation du courtage immobilier du Qu\u00e9bec<\/a><\/li>\n<\/ul>\n<p><strong>Ordre des \u00e9valuateurs agr\u00e9es du Qu\u00e9bec<\/strong><\/p>\n<ul>\n<li><a href=\"http:\/\/www.oeaq.qc.ca\">www.oeaq.qc.ca<\/a><\/li>\n<\/ul>\n<p><strong>R\u00e9gie du Logement<\/strong><\/p>\n<ul>\n<li><a href=\"http:\/\/www.rdl.gouv.qc.ca\/fr\/accueil\/accueil.asp\">www.rdl.gouv.qc.ca\/fr\/accueil\/accueil.asp<\/a><\/li>\n<\/ul>\n<p><strong>SCHL<\/strong><\/p>\n<ul>\n<li><a title=\"Soci\u00e9t\u00e9 canadienne d\u2019hypoth\u00e8ques et de logement\" href=\"http:\/\/www.schl.ca\/\" target=\"_blank\">Soci\u00e9t\u00e9 canadienne d\u2019hypoth\u00e8ques et de logement<\/a><\/li>\n<\/ul>\n<p><strong>Vid\u00e9otron<\/strong><\/p>\n<ul>\n<li><a title=\"Vid\u00e9otron\" href=\"http:\/\/www.videotron.com\/\" target=\"_blank\">Vid\u00e9otron<\/a><\/li>\n<\/ul>\n<hr align=\"center\" noshade=\"noshade\" size=\"2\" width=\"100%\" \/>\n<p style=\"padding-left: 30px\">\n<p><\/p>","protected":false},"excerpt":{"rendered":"<p>Ville de Laval Ville de \u00a0Laval www.laval.ca Useful Links\u00a0&#8211; Laval Laval-Grant Programs Ownership Ville de Laval\u00a0offers a financial assistance to young families who buy an existing house or have a starter home built in older districts of Laval. To learn more Residential Renovation Ville de Laval offers a five-year property tax credit for owners who [&hellip;]<\/p>\n","protected":false},"author":543,"featured_media":0,"parent":226,"menu_order":5,"comment_status":"open","ping_status":"open","template":"","meta":{"_acf_changed":false,"footnotes":""},"class_list":["post-694","page","type-page","status-publish","hentry"],"acf":[],"yoast_head":"<!-- This site is optimized with the Yoast SEO plugin v26.7 - https:\/\/yoast.com\/wordpress\/plugins\/seo\/ -->\n<title>Useful Links - Claire H\u00e9rard, courtier immobilier<\/title>\n<meta name=\"robots\" content=\"index, follow, max-snippet:-1, max-image-preview:large, max-video-preview:-1\" \/>\n<link rel=\"canonical\" href=\"https:\/\/claireherard.com\/en\/outils\/liens-utiles\/\" \/>\n<meta property=\"og:locale\" content=\"en_US\" \/>\n<meta property=\"og:type\" content=\"article\" \/>\n<meta property=\"og:title\" content=\"Useful Links - Claire H\u00e9rard, courtier immobilier\" \/>\n<meta property=\"og:description\" content=\"Ville de Laval Ville de \u00a0Laval www.laval.ca Useful Links\u00a0&#8211; Laval Laval-Grant Programs Ownership Ville de Laval\u00a0offers a financial assistance to young families who buy an existing house or have a starter home built in older districts of Laval. To learn more Residential Renovation Ville de Laval offers a five-year property tax credit for owners who [&hellip;]\" \/>\n<meta property=\"og:url\" content=\"https:\/\/claireherard.com\/en\/outils\/liens-utiles\/\" \/>\n<meta property=\"og:site_name\" content=\"Claire H\u00e9rard, courtier immobilier\" \/>\n<meta property=\"article:publisher\" content=\"https:\/\/www.facebook.com\/Claire.Herard.courtier.immobilier.Remax.Laval.Mtl\/\" \/>\n<meta property=\"article:modified_time\" content=\"2016-02-07T19:30:01+00:00\" \/>\n<meta property=\"og:image\" content=\"http:\/\/www.laval.ca\/PublishingImages\/Pages\/Fr\/Citoyens\/subventions-aux-citoyens\/famille-devant-maison-175x110.jpg\" \/>\n<meta name=\"twitter:card\" content=\"summary_large_image\" \/>\n<meta name=\"twitter:site\" content=\"@ClaireHerard\" \/>\n<meta name=\"twitter:label1\" content=\"Est. reading time\" \/>\n\t<meta name=\"twitter:data1\" content=\"3 minutes\" \/>\n<script type=\"application\/ld+json\" class=\"yoast-schema-graph\">{\"@context\":\"https:\/\/schema.org\",\"@graph\":[{\"@type\":\"WebPage\",\"@id\":\"https:\/\/claireherard.com\/en\/outils\/liens-utiles\/\",\"url\":\"https:\/\/claireherard.com\/en\/outils\/liens-utiles\/\",\"name\":\"[:fr]Liens utiles[:en]Useful Links[:] - Claire H\u00e9rard, courtier immobilier\",\"isPartOf\":{\"@id\":\"https:\/\/claireherard.com\/#website\"},\"primaryImageOfPage\":{\"@id\":\"https:\/\/claireherard.com\/en\/outils\/liens-utiles\/#primaryimage\"},\"image\":{\"@id\":\"https:\/\/claireherard.com\/en\/outils\/liens-utiles\/#primaryimage\"},\"thumbnailUrl\":\"http:\/\/www.laval.ca\/PublishingImages\/Pages\/Fr\/Citoyens\/subventions-aux-citoyens\/famille-devant-maison-175x110.jpg\",\"datePublished\":\"2014-01-09T16:24:48+00:00\",\"dateModified\":\"2016-02-07T19:30:01+00:00\",\"breadcrumb\":{\"@id\":\"https:\/\/claireherard.com\/en\/outils\/liens-utiles\/#breadcrumb\"},\"inLanguage\":\"en-US\",\"potentialAction\":[{\"@type\":\"ReadAction\",\"target\":[\"https:\/\/claireherard.com\/en\/outils\/liens-utiles\/\"]}]},{\"@type\":\"ImageObject\",\"inLanguage\":\"en-US\",\"@id\":\"https:\/\/claireherard.com\/en\/outils\/liens-utiles\/#primaryimage\",\"url\":\"http:\/\/www.laval.ca\/PublishingImages\/Pages\/Fr\/Citoyens\/subventions-aux-citoyens\/famille-devant-maison-175x110.jpg\",\"contentUrl\":\"http:\/\/www.laval.ca\/PublishingImages\/Pages\/Fr\/Citoyens\/subventions-aux-citoyens\/famille-devant-maison-175x110.jpg\"},{\"@type\":\"BreadcrumbList\",\"@id\":\"https:\/\/claireherard.com\/en\/outils\/liens-utiles\/#breadcrumb\",\"itemListElement\":[{\"@type\":\"ListItem\",\"position\":1,\"name\":\"Accueil\",\"item\":\"https:\/\/claireherard.com\/\"},{\"@type\":\"ListItem\",\"position\":2,\"name\":\"Tools\",\"item\":\"https:\/\/claireherard.com\/en\/outils\/\"},{\"@type\":\"ListItem\",\"position\":3,\"name\":\"Useful Links\"}]},{\"@type\":\"WebSite\",\"@id\":\"https:\/\/claireherard.com\/#website\",\"url\":\"https:\/\/claireherard.com\/\",\"name\":\"Claire H\u00e9rard, courtier immobilier\",\"description\":\"Un site du r\u00e9seau Aliquando\",\"publisher\":{\"@id\":\"https:\/\/claireherard.com\/#\/schema\/person\/5a2f62181697a27c9d32633b24aa19c6\"},\"potentialAction\":[{\"@type\":\"SearchAction\",\"target\":{\"@type\":\"EntryPoint\",\"urlTemplate\":\"https:\/\/claireherard.com\/?s={search_term_string}\"},\"query-input\":{\"@type\":\"PropertyValueSpecification\",\"valueRequired\":true,\"valueName\":\"search_term_string\"}}],\"inLanguage\":\"en-US\"},{\"@type\":[\"Person\",\"Organization\"],\"@id\":\"https:\/\/claireherard.com\/#\/schema\/person\/5a2f62181697a27c9d32633b24aa19c6\",\"name\":\"CLAIRE HERARD\",\"image\":{\"@type\":\"ImageObject\",\"inLanguage\":\"en-US\",\"@id\":\"https:\/\/claireherard.com\/#\/schema\/person\/image\/\",\"url\":\"https:\/\/claireherard.com\/files\/2022\/09\/LOGO-Claire-H.-2022.png\",\"contentUrl\":\"https:\/\/claireherard.com\/files\/2022\/09\/LOGO-Claire-H.-2022.png\",\"width\":500,\"height\":500,\"caption\":\"CLAIRE HERARD\"},\"logo\":{\"@id\":\"https:\/\/claireherard.com\/#\/schema\/person\/image\/\"},\"sameAs\":[\"https:\/\/www.facebook.com\/Claire.Herard.courtier.immobilier.Remax.Laval.Mtl\/\",\"https:\/\/www.instagram.com\/claireherard_remax2000\/\",\"https:\/\/www.linkedin.com\/in\/claire-hrard-7797127\/\",\"https:\/\/x.com\/https:\/\/twitter.com\/ClaireHerard\"]}]}<\/script>\n<!-- \/ Yoast SEO plugin. -->","yoast_head_json":{"title":"Useful Links - Claire H\u00e9rard, courtier immobilier","robots":{"index":"index","follow":"follow","max-snippet":"max-snippet:-1","max-image-preview":"max-image-preview:large","max-video-preview":"max-video-preview:-1"},"canonical":"https:\/\/claireherard.com\/en\/outils\/liens-utiles\/","og_locale":"en_US","og_type":"article","og_title":"Useful Links - Claire H\u00e9rard, courtier immobilier","og_description":"Ville de Laval Ville de \u00a0Laval www.laval.ca Useful Links\u00a0&#8211; Laval Laval-Grant Programs Ownership Ville de Laval\u00a0offers a financial assistance to young families who buy an existing house or have a starter home built in older districts of Laval. To learn more Residential Renovation Ville de Laval offers a five-year property tax credit for owners who [&hellip;]","og_url":"https:\/\/claireherard.com\/en\/outils\/liens-utiles\/","og_site_name":"Claire H\u00e9rard, courtier immobilier","article_publisher":"https:\/\/www.facebook.com\/Claire.Herard.courtier.immobilier.Remax.Laval.Mtl\/","article_modified_time":"2016-02-07T19:30:01+00:00","og_image":[{"url":"http:\/\/www.laval.ca\/PublishingImages\/Pages\/Fr\/Citoyens\/subventions-aux-citoyens\/famille-devant-maison-175x110.jpg","type":"","width":"","height":""}],"twitter_card":"summary_large_image","twitter_site":"@ClaireHerard","twitter_misc":{"Est. reading time":"3 minutes"},"schema":{"@context":"https:\/\/schema.org","@graph":[{"@type":"WebPage","@id":"https:\/\/claireherard.com\/en\/outils\/liens-utiles\/","url":"https:\/\/claireherard.com\/en\/outils\/liens-utiles\/","name":"[:fr]Liens utiles[:en]Useful Links[:] - Claire H\u00e9rard, courtier immobilier","isPartOf":{"@id":"https:\/\/claireherard.com\/#website"},"primaryImageOfPage":{"@id":"https:\/\/claireherard.com\/en\/outils\/liens-utiles\/#primaryimage"},"image":{"@id":"https:\/\/claireherard.com\/en\/outils\/liens-utiles\/#primaryimage"},"thumbnailUrl":"http:\/\/www.laval.ca\/PublishingImages\/Pages\/Fr\/Citoyens\/subventions-aux-citoyens\/famille-devant-maison-175x110.jpg","datePublished":"2014-01-09T16:24:48+00:00","dateModified":"2016-02-07T19:30:01+00:00","breadcrumb":{"@id":"https:\/\/claireherard.com\/en\/outils\/liens-utiles\/#breadcrumb"},"inLanguage":"en-US","potentialAction":[{"@type":"ReadAction","target":["https:\/\/claireherard.com\/en\/outils\/liens-utiles\/"]}]},{"@type":"ImageObject","inLanguage":"en-US","@id":"https:\/\/claireherard.com\/en\/outils\/liens-utiles\/#primaryimage","url":"http:\/\/www.laval.ca\/PublishingImages\/Pages\/Fr\/Citoyens\/subventions-aux-citoyens\/famille-devant-maison-175x110.jpg","contentUrl":"http:\/\/www.laval.ca\/PublishingImages\/Pages\/Fr\/Citoyens\/subventions-aux-citoyens\/famille-devant-maison-175x110.jpg"},{"@type":"BreadcrumbList","@id":"https:\/\/claireherard.com\/en\/outils\/liens-utiles\/#breadcrumb","itemListElement":[{"@type":"ListItem","position":1,"name":"Accueil","item":"https:\/\/claireherard.com\/"},{"@type":"ListItem","position":2,"name":"Tools","item":"https:\/\/claireherard.com\/en\/outils\/"},{"@type":"ListItem","position":3,"name":"Useful Links"}]},{"@type":"WebSite","@id":"https:\/\/claireherard.com\/#website","url":"https:\/\/claireherard.com\/","name":"Claire H\u00e9rard, courtier immobilier","description":"Un site du r\u00e9seau Aliquando","publisher":{"@id":"https:\/\/claireherard.com\/#\/schema\/person\/5a2f62181697a27c9d32633b24aa19c6"},"potentialAction":[{"@type":"SearchAction","target":{"@type":"EntryPoint","urlTemplate":"https:\/\/claireherard.com\/?s={search_term_string}"},"query-input":{"@type":"PropertyValueSpecification","valueRequired":true,"valueName":"search_term_string"}}],"inLanguage":"en-US"},{"@type":["Person","Organization"],"@id":"https:\/\/claireherard.com\/#\/schema\/person\/5a2f62181697a27c9d32633b24aa19c6","name":"CLAIRE HERARD","image":{"@type":"ImageObject","inLanguage":"en-US","@id":"https:\/\/claireherard.com\/#\/schema\/person\/image\/","url":"https:\/\/claireherard.com\/files\/2022\/09\/LOGO-Claire-H.-2022.png","contentUrl":"https:\/\/claireherard.com\/files\/2022\/09\/LOGO-Claire-H.-2022.png","width":500,"height":500,"caption":"CLAIRE HERARD"},"logo":{"@id":"https:\/\/claireherard.com\/#\/schema\/person\/image\/"},"sameAs":["https:\/\/www.facebook.com\/Claire.Herard.courtier.immobilier.Remax.Laval.Mtl\/","https:\/\/www.instagram.com\/claireherard_remax2000\/","https:\/\/www.linkedin.com\/in\/claire-hrard-7797127\/","https:\/\/x.com\/https:\/\/twitter.com\/ClaireHerard"]}]}},"_links":{"self":[{"href":"https:\/\/claireherard.com\/en\/wp-json\/wp\/v2\/pages\/694","targetHints":{"allow":["GET"]}}],"collection":[{"href":"https:\/\/claireherard.com\/en\/wp-json\/wp\/v2\/pages"}],"about":[{"href":"https:\/\/claireherard.com\/en\/wp-json\/wp\/v2\/types\/page"}],"author":[{"embeddable":true,"href":"https:\/\/claireherard.com\/en\/wp-json\/wp\/v2\/users\/543"}],"replies":[{"embeddable":true,"href":"https:\/\/claireherard.com\/en\/wp-json\/wp\/v2\/comments?post=694"}],"version-history":[{"count":2,"href":"https:\/\/claireherard.com\/en\/wp-json\/wp\/v2\/pages\/694\/revisions"}],"predecessor-version":[{"id":2056,"href":"https:\/\/claireherard.com\/en\/wp-json\/wp\/v2\/pages\/694\/revisions\/2056"}],"up":[{"embeddable":true,"href":"https:\/\/claireherard.com\/en\/wp-json\/wp\/v2\/pages\/226"}],"wp:attachment":[{"href":"https:\/\/claireherard.com\/en\/wp-json\/wp\/v2\/media?parent=694"}],"curies":[{"name":"wp","href":"https:\/\/api.w.org\/{rel}","templated":true}]}}